{"id":530,"date":"2021-04-09T17:04:45","date_gmt":"2021-04-09T20:04:45","guid":{"rendered":"https:\/\/jaguariaiva.pr.gov.br\/coronavirus\/?page_id=530"},"modified":"2021-07-22T10:21:22","modified_gmt":"2021-07-22T13:21:22","slug":"doacoes-de-bens-e-servicos","status":"publish","type":"page","link":"https:\/\/jaguariaiva.pr.gov.br\/coronavirus\/doacoes-de-bens-e-servicos\/","title":{"rendered":"Doa\u00e7\u00f5es de Bens e Servi\u00e7os"},"content":{"rendered":"\n<section class=\"wp-block-uagb-section uagb-section__wrap uagb-section__background-image uagb-block-dce9aa24\"><div class=\"uagb-section__overlay\"><\/div><div class=\"uagb-section__inner-wrap\">\n<h2 class=\"has-black-color has-text-color wp-block-heading\" style=\"font-size:23px\">Conv\u00eanios e <strong>Doa\u00e7\u00f5es de Bens e Servi\u00e7os<\/strong><\/h2>\n<\/div><\/section>\n\n\n\n<section class=\"wp-block-uagb-section uagb-section__wrap uagb-section__background-undefined uagb-block-6aea4064\"><div class=\"uagb-section__overlay\"><\/div><div class=\"uagb-section__inner-wrap\">\n<figure class=\"wp-block-table is-style-stripes\"><table><tbody><tr><td><strong>Teste Ant\u00edgeno Viral para COVID-19<\/strong>  &#8211;  <strong>Braspine Madeiras LTDA<\/strong> <\/td><td><a href=\"https:\/\/jaguariaiva.pr.gov.br\/coronavirus\/wp-content\/uploads\/2021\/07\/RECEBEMOS-BRASPINE-MADEIRAS-LTDA-OS-PRODUTOS-CONSTANTES-DA-NOTA-FISCAL-INDICADA-AO-LADO-1.pdf\" data-type=\"URL\" data-id=\"https:\/\/jaguariaiva.pr.gov.br\/coronavirus\/wp-content\/uploads\/2021\/07\/RECEBEMOS-BRASPINE-MADEIRAS-LTDA-OS-PRODUTOS-CONSTANTES-DA-NOTA-FISCAL-INDICADA-AO-LADO-1.pdf\" target=\"_blank\" rel=\"noreferrer noopener\"><strong><img decoding=\"async\" class=\"wp-image-1469\" style=\"width: NaNpx;\" src=\"https:\/\/jaguariaiva.pr.gov.br\/coronavirus\/wp-content\/uploads\/2021\/07\/RECEBEMOS-BRASPINE-MADEIRAS-LTDA-OS-PRODUTOS-CONSTANTES-DA-NOTA-FISCAL-INDICADA-AO-LADO-1.pdf\" alt=\"\">Visualizar<\/strong><\/a><\/td><\/tr><tr><td><strong>Teste Ant\u00edgeno Viral para COVID-19 &#8211; Braspine Madeiras LTDA<\/strong><\/td><td><strong><a href=\"https:\/\/jaguariaiva.pr.gov.br\/coronavirus\/wp-content\/uploads\/2021\/04\/BRASPINE-MADEIRAS-LTDA.pdf\" data-type=\"URL\" data-id=\"https:\/\/jaguariaiva.pr.gov.br\/coronavirus\/wp-content\/uploads\/2021\/04\/BRASPINE-MADEIRAS-LTDA.pdf\" target=\"_blank\" rel=\"noreferrer noopener\">Visualizar<\/a><\/strong><\/td><\/tr><tr><td><strong>04 Aparelhos Celular Moto E6S XT2053-2 &#8211; Braspine Madeiras LTDA<\/strong><\/td><td><strong><a href=\"https:\/\/jaguariaiva.pr.gov.br\/coronavirus\/wp-content\/uploads\/2021\/04\/DE-RECEBIMENTO-1.pdf\" data-type=\"URL\" data-id=\"https:\/\/jaguariaiva.pr.gov.br\/coronavirus\/wp-content\/uploads\/2021\/04\/DE-RECEBIMENTO-1.pdf\" target=\"_blank\" rel=\"noreferrer noopener\">Visualizar<\/a><\/strong><\/td><\/tr><tr><td><strong>Mat\u00e9riais Hospitalares em Geral &#8211; Braspine Madeiras LTDA<\/strong><img decoding=\"async\" class=\"wp-image-553\" style=\"width: NaNpx;\" src=\"https:\/\/jaguariaiva.pr.gov.br\/coronavirus\/wp-content\/uploads\/2021\/04\/DOAC\u0327O\u0303ES-HCL-compactado-1.pdf\" alt=\"\"><\/td><td><strong><a href=\"https:\/\/jaguariaiva.pr.gov.br\/coronavirus\/wp-content\/uploads\/2021\/04\/1.-braspine-DOAC\u0327O\u0303ES-HCL-compactado-1.pdf\" data-type=\"URL\" data-id=\"https:\/\/jaguariaiva.pr.gov.br\/coronavirus\/wp-content\/uploads\/2021\/04\/1.-braspine-DOAC\u0327O\u0303ES-HCL-compactado-1.pdf\" target=\"_blank\" rel=\"noreferrer noopener\">Visualizar<\/a><\/strong><\/td><\/tr><tr><td><strong>Mat\u00e9rias Hospitalares em Geral &#8211; Valor Florestal&nbsp;&#8211; Gest\u00e3o de Ativos&nbsp;Florestais&nbsp;LTDA<\/strong><\/td><td><a href=\"https:\/\/jaguariaiva.pr.gov.br\/coronavirus\/wp-content\/uploads\/2021\/04\/2.-valor-DOAC\u0327O\u0303ES-HCL-compactado-1.pdf\" data-type=\"URL\" data-id=\"https:\/\/jaguariaiva.pr.gov.br\/coronavirus\/wp-content\/uploads\/2021\/04\/2.-valor-DOAC\u0327O\u0303ES-HCL-compactado-1.pdf\"><strong>Visualizar<\/strong><\/a><\/td><\/tr><tr><td><strong>01 Tenda Piramidal 10M x 10M cor Branca, com 04 fechamentos laterais<\/strong><\/td><td><strong><a href=\"https:\/\/jaguariaiva.pr.gov.br\/coronavirus\/wp-content\/uploads\/2021\/04\/TENDAS-PARANA\u0301-LTDA.-E.P.P.-ocumento-Auxiliar-da-Nota.pdf\" data-type=\"URL\" data-id=\"https:\/\/jaguariaiva.pr.gov.br\/coronavirus\/wp-content\/uploads\/2021\/04\/TENDAS-PARANA\u0301-LTDA.-E.P.P.-ocumento-Auxiliar-da-Nota.pdf\" target=\"_blank\" rel=\"noreferrer noopener\">Visualizar<\/a><\/strong><\/td><\/tr><tr><td><strong>Mat\u00e9rias Hospitalares em Geral<\/strong> &#8211; <strong>BO PAPER BRASIL INDUSTRIA DE PAPEL<\/strong><\/td><td><a href=\"https:\/\/jaguariaiva.pr.gov.br\/coronavirus\/wp-content\/uploads\/2021\/04\/BO-PAPER.pdf\" data-type=\"URL\" data-id=\"https:\/\/jaguariaiva.pr.gov.br\/coronavirus\/wp-content\/uploads\/2021\/04\/BO-PAPER.pdf\" target=\"_blank\" rel=\"noreferrer noopener\"><strong>Visualizar<\/strong><\/a><\/td><\/tr><tr><td><strong>Reportagem de doa\u00e7\u00e3o &#8211; Braspine Madeiras LTDA<\/strong><\/td><td><strong><a href=\"https:\/\/www.facebook.com\/912150095483427\/posts\/4099814810050257\/?d=n\" data-type=\"URL\" data-id=\"https:\/\/www.facebook.com\/912150095483427\/posts\/4099814810050257\/?d=n\" target=\"_blank\" rel=\"noreferrer noopener\">Visualizar<\/a><\/strong><\/td><\/tr><\/tbody><\/table><\/figure>\n\n\n\n<div class=\"wp-block-uagb-info-box uagb-infobox__outer-wrap uagb-block-dc7315f9\"><div class=\"uagb-infobox__content-wrap uagb-infobox uagb-infobox-has-image uagb-infobox-icon-above-title uagb-infobox-image-valign-top uagb-infobox-enable-border-radius \"><div class=\"uagb-ifb-left-right-wrap\"><div class=\"uagb-ifb-content\"><div class=\"uagb-ifb-title-wrap\"><\/div><div class=\"uagb-ifb-separator-parent\"><div class=\"uagb-ifb-separator\"><\/div><\/div><div class=\"uagb-ifb-text-wrap\"><p class=\"uagb-ifb-desc\"><strong>Informa\u00e7\u00f5es sobre conv\u00eanios, parcerias, acordos de coopera\u00e7\u00e3o, contrata\u00e7\u00f5es, aditamentos e altera\u00e7\u00f5es contratuais, inclusive as ligadas de forma indireta \u00e0s atividades escolares, tais como equipes de limpeza adicionais para garantir o cumprimento dos protocolos sanit\u00e1rios.<\/strong><br>Programa Compra Direta no Paran\u00e1 \u2013 contrato por 3 meses com os fornecedores via Estado, onde foi repassado g\u00eaneros aliment\u00edcios convencional ou org\u00e2nico para atender: Casa Lar, Lar Bom Jesus, CREAS, CRAS Primavera e CRAS Pedrinha. Foi repassado quinzenalmente frutas e verduras, polpa de frutas congeladas, a\u00e7\u00facar mascavo org\u00e2nico e arroz polido tipo 2.<\/p><\/div><\/div><\/div><\/div><\/div>\n<\/div><\/section>\n","protected":false},"excerpt":{"rendered":"","protected":false},"author":1,"featured_media":0,"parent":0,"menu_order":0,"comment_status":"closed","ping_status":"closed","template":"","meta":{"footnotes":""},"class_list":["post-530","page","type-page","status-publish","hentry","entry"],"uagb_featured_image_src":{"full":false,"thumbnail":false,"medium":false,"medium_large":false,"large":false,"1536x1536":false,"2048x2048":false},"uagb_author_info":{"display_name":"joaocmm","author_link":"https:\/\/jaguariaiva.pr.gov.br\/coronavirus\/author\/joaocmm\/"},"uagb_comment_info":0,"uagb_excerpt":null,"_links":{"self":[{"href":"https:\/\/jaguariaiva.pr.gov.br\/coronavirus\/wp-json\/wp\/v2\/pages\/530","targetHints":{"allow":["GET"]}}],"collection":[{"href":"https:\/\/jaguariaiva.pr.gov.br\/coronavirus\/wp-json\/wp\/v2\/pages"}],"about":[{"href":"https:\/\/jaguariaiva.pr.gov.br\/coronavirus\/wp-json\/wp\/v2\/types\/page"}],"author":[{"embeddable":true,"href":"https:\/\/jaguariaiva.pr.gov.br\/coronavirus\/wp-json\/wp\/v2\/users\/1"}],"replies":[{"embeddable":true,"href":"https:\/\/jaguariaiva.pr.gov.br\/coronavirus\/wp-json\/wp\/v2\/comments?post=530"}],"version-history":[{"count":21,"href":"https:\/\/jaguariaiva.pr.gov.br\/coronavirus\/wp-json\/wp\/v2\/pages\/530\/revisions"}],"predecessor-version":[{"id":1522,"href":"https:\/\/jaguariaiva.pr.gov.br\/coronavirus\/wp-json\/wp\/v2\/pages\/530\/revisions\/1522"}],"wp:attachment":[{"href":"https:\/\/jaguariaiva.pr.gov.br\/coronavirus\/wp-json\/wp\/v2\/media?parent=530"}],"curies":[{"name":"wp","href":"https:\/\/api.w.org\/{rel}","templated":true}]}}