{"id":5,"date":"2021-04-07T16:54:52","date_gmt":"2021-04-07T19:54:52","guid":{"rendered":"https:\/\/jaguariaiva.pr.gov.br\/coronavirus\/?page_id=5"},"modified":"2024-02-21T14:58:19","modified_gmt":"2024-02-21T17:58:19","slug":"home","status":"publish","type":"page","link":"https:\/\/jaguariaiva.pr.gov.br\/coronavirus\/","title":{"rendered":"Home"},"content":{"rendered":"\n<div class=\"wp-block-columns is-layout-flex wp-container-core-columns-is-layout-9d6595d7 wp-block-columns-is-layout-flex\">\n<div class=\"wp-block-column is-layout-flow wp-block-column-is-layout-flow\" style=\"flex-basis:100%\">\n<section class=\"wp-block-uagb-section uagb-section__wrap uagb-section__background-undefined uagb-block-b746fbd4\"><div class=\"uagb-section__overlay\"><\/div><div class=\"uagb-section__inner-wrap\">\n<div class=\"wp-block-columns is-layout-flex wp-container-core-columns-is-layout-9d6595d7 wp-block-columns-is-layout-flex\">\n<div class=\"wp-block-column is-layout-flow wp-block-column-is-layout-flow\" style=\"flex-basis:100%\">\n<div class=\"wp-block-group\"><div class=\"wp-block-group__inner-container is-layout-flow wp-block-group-is-layout-flow\">\n<section class=\"wp-block-uagb-columns uagb-columns__wrap uagb-columns__background-undefined uagb-columns__stack-mobile uagb-columns__valign-undefined uagb-columns__gap-10 alignundefined uagb-block-a803e442\"><div class=\"uagb-columns__overlay\"><\/div><div class=\"uagb-columns__inner-wrap uagb-columns__columns-2\">\n<div class=\"wp-block-uagb-column uagb-column__wrap uagb-column__background-undefined uagb-block-e8fa959b\"><div class=\"uagb-column__overlay\"><\/div><div class=\"uagb-column__inner-wrap\">\n<figure class=\"wp-block-image size-large is-resized\"><img loading=\"lazy\" decoding=\"async\" width=\"1024\" height=\"512\" src=\"https:\/\/jaguariaiva.pr.gov.br\/coronavirus\/wp-content\/uploads\/2023\/07\/BANNER-VACINA-COVID-1-1024x512.png\" alt=\"\" class=\"wp-image-1809\" style=\"width:740px;height:370px\" srcset=\"https:\/\/jaguariaiva.pr.gov.br\/coronavirus\/wp-content\/uploads\/2023\/07\/BANNER-VACINA-COVID-1-1024x512.png 1024w, https:\/\/jaguariaiva.pr.gov.br\/coronavirus\/wp-content\/uploads\/2023\/07\/BANNER-VACINA-COVID-1-300x150.png 300w, https:\/\/jaguariaiva.pr.gov.br\/coronavirus\/wp-content\/uploads\/2023\/07\/BANNER-VACINA-COVID-1-768x384.png 768w, https:\/\/jaguariaiva.pr.gov.br\/coronavirus\/wp-content\/uploads\/2023\/07\/BANNER-VACINA-COVID-1-1536x768.png 1536w, https:\/\/jaguariaiva.pr.gov.br\/coronavirus\/wp-content\/uploads\/2023\/07\/BANNER-VACINA-COVID-1.png 1600w\" sizes=\"auto, (max-width: 1024px) 100vw, 1024px\" \/><\/figure>\n<\/div><\/div>\n\n\n\n<div class=\"wp-block-uagb-column uagb-column__wrap uagb-column__background-undefined uagb-block-c51b7f20\"><div class=\"uagb-column__overlay\"><\/div><div class=\"uagb-column__inner-wrap\"><\/div><\/div>\n<\/div><\/section>\n\n\n\n<div class=\"wp-block-columns is-layout-flex wp-container-core-columns-is-layout-9d6595d7 wp-block-columns-is-layout-flex\">\n<div class=\"wp-block-column is-layout-flow wp-block-column-is-layout-flow\">\n<div class=\"wp-block-uagb-info-box uagb-infobox__outer-wrap uagb-block-1aa0d7c7\"><div class=\"uagb-infobox__content-wrap uagb-infobox uagb-infobox-has-image uagb-infobox-icon-above-title uagb-infobox-image-valign-top uagb-infobox-enable-border-radius \"><div class=\"uagb-ifb-left-right-wrap\"><div class=\"uagb-ifb-content\"><div class=\"uagb-ifb-image-icon-content uagb-ifb-imgicon-wrap\"><div class=\"uagb-ifb-image\"><div class=\"uagb-ifb-image-content\"><img decoding=\"async\" class=\"uagb-ifb-img-src\" src=\"https:\/\/jaguariaiva.pr.gov.br\/coronavirus\/wp-content\/uploads\/2021\/05\/rect10-37-1.png\" alt=\"\"\/><\/div><\/div><\/div><div class=\"uagb-ifb-title-wrap\"><span class=\"uagb-ifb-title-prefix\">I<strong>nforma\u00e7\u00f5es (contatos e endere\u00e7os) para atendimento m\u00e9dico de casos suspeitos \/ confirmados de COVID-19<\/strong><\/span><h2 class=\"uagb-ifb-title\">Locais de Atendimento<\/h2><\/div><div class=\"uagb-ifb-separator-parent\"><div class=\"uagb-ifb-separator\"><\/div><\/div><div class=\"uagb-ifb-text-wrap\"><p class=\"uagb-ifb-desc\"><strong>Hospital Municipal Carolina Lupion<\/strong><br>Endere\u00e7o: Rua Xavier Sobrinho, 592 &#8211; Cidade Alta.<br>Jaguaria\u00edva &#8211; PR.<br>ABERTO 24h.<br>FONE: (43) 3535-9440<br><br><strong>Unidade B\u00e1sica de Sa\u00fade Dr\u00ba Domingos Cunha<br><\/strong>Endere\u00e7o: Rua Paranagu\u00e1 &#8211; Santa Cec\u00edlia.<br>Jaguaria\u00edva &#8211; PR.<br>Seg. \u00e0 Sex. das 7h \u00e0s 21h.<br><strong><br>Unidade B\u00e1sica de Sa\u00fade Dr. H\u00e9lio Araujo de Masi<\/strong><br>Endere\u00e7o: Rua Marcio Araujo Mota, S\/N- Centro<br>Jaguariaiva &#8211; PR<br>Seg. \u00e0 Sex. das 7h \u00e0s 21h.<br><br><strong>Unidade B\u00e1sica de Sa\u00fade Am\u00e9rico Faustino de Carvalho<\/strong><br>Endere\u00e7o: Em\u00eclio de Menezes, S\/N &#8211; Remonta<br>Jaguariaiva &#8211; PR<br>Seg. \u00e0 Sex. das 7h \u00e0s 17:30h<br><strong><br>Unidade B\u00e1sica de Sa\u00fade Ad\u00e9lia Kojo<\/strong><br>Endere\u00e7o: Rua Vasco Fonseca, 75 &#8211; Lago\u00e3o<br>Jaguariaiva &#8211; PR<br>Seg. \u00e0 Sex. das 8h \u00e0s 12h das 13:30h \u00e0s 17:30<\/p><\/div><\/div><\/div><\/div><\/div>\n<\/div>\n<\/div>\n<\/div><\/div>\n<\/div>\n<\/div>\n<\/div><\/section>\n<\/div>\n<\/div>\n\n\n\n<section class=\"wp-block-uagb-section uagb-section__wrap uagb-section__background-undefined uagb-block-cf72de68\" id=\"boletim\"><div class=\"uagb-section__overlay\"><\/div><div class=\"uagb-section__inner-wrap\"><div class=\"wp-block-image\">\n<figure class=\"aligncenter size-large is-resized\"><img loading=\"lazy\" decoding=\"async\" width=\"634\" height=\"1024\" src=\"https:\/\/jaguariaiva.pr.gov.br\/coronavirus\/wp-content\/uploads\/2023\/07\/Imagem-do-WhatsApp-de-2023-07-05-as-14.30.29-634x1024.jpg\" alt=\"\" class=\"wp-image-1814\" style=\"width:390px;height:631px\" srcset=\"https:\/\/jaguariaiva.pr.gov.br\/coronavirus\/wp-content\/uploads\/2023\/07\/Imagem-do-WhatsApp-de-2023-07-05-as-14.30.29-634x1024.jpg 634w, https:\/\/jaguariaiva.pr.gov.br\/coronavirus\/wp-content\/uploads\/2023\/07\/Imagem-do-WhatsApp-de-2023-07-05-as-14.30.29-186x300.jpg 186w, https:\/\/jaguariaiva.pr.gov.br\/coronavirus\/wp-content\/uploads\/2023\/07\/Imagem-do-WhatsApp-de-2023-07-05-as-14.30.29-768x1240.jpg 768w, https:\/\/jaguariaiva.pr.gov.br\/coronavirus\/wp-content\/uploads\/2023\/07\/Imagem-do-WhatsApp-de-2023-07-05-as-14.30.29.jpg 800w\" sizes=\"auto, (max-width: 634px) 100vw, 634px\" \/><\/figure>\n<\/div><\/div><\/section>\n","protected":false},"excerpt":{"rendered":"","protected":false},"author":1,"featured_media":0,"parent":0,"menu_order":0,"comment_status":"closed","ping_status":"closed","template":"","meta":{"footnotes":""},"class_list":["post-5","page","type-page","status-publish","hentry","entry"],"uagb_featured_image_src":{"full":false,"thumbnail":false,"medium":false,"medium_large":false,"large":false,"1536x1536":false,"2048x2048":false},"uagb_author_info":{"display_name":"joaocmm","author_link":"https:\/\/jaguariaiva.pr.gov.br\/coronavirus\/author\/joaocmm\/"},"uagb_comment_info":0,"uagb_excerpt":null,"_links":{"self":[{"href":"https:\/\/jaguariaiva.pr.gov.br\/coronavirus\/wp-json\/wp\/v2\/pages\/5","targetHints":{"allow":["GET"]}}],"collection":[{"href":"https:\/\/jaguariaiva.pr.gov.br\/coronavirus\/wp-json\/wp\/v2\/pages"}],"about":[{"href":"https:\/\/jaguariaiva.pr.gov.br\/coronavirus\/wp-json\/wp\/v2\/types\/page"}],"author":[{"embeddable":true,"href":"https:\/\/jaguariaiva.pr.gov.br\/coronavirus\/wp-json\/wp\/v2\/users\/1"}],"replies":[{"embeddable":true,"href":"https:\/\/jaguariaiva.pr.gov.br\/coronavirus\/wp-json\/wp\/v2\/comments?post=5"}],"version-history":[{"count":119,"href":"https:\/\/jaguariaiva.pr.gov.br\/coronavirus\/wp-json\/wp\/v2\/pages\/5\/revisions"}],"predecessor-version":[{"id":1828,"href":"https:\/\/jaguariaiva.pr.gov.br\/coronavirus\/wp-json\/wp\/v2\/pages\/5\/revisions\/1828"}],"wp:attachment":[{"href":"https:\/\/jaguariaiva.pr.gov.br\/coronavirus\/wp-json\/wp\/v2\/media?parent=5"}],"curies":[{"name":"wp","href":"https:\/\/api.w.org\/{rel}","templated":true}]}}